{"id":612,"date":"2024-01-10T18:34:01","date_gmt":"2024-01-10T17:34:01","guid":{"rendered":"https:\/\/hexental-apo.de\/?page_id=612"},"modified":"2024-01-11T19:14:56","modified_gmt":"2024-01-11T18:14:56","slug":"philosophie","status":"publish","type":"page","link":"https:\/\/hexental-apotheke.de\/?page_id=612","title":{"rendered":"Philosophie"},"content":{"rendered":"\t\t<div data-elementor-type=\"wp-page\" data-elementor-id=\"612\" class=\"elementor elementor-612\" data-elementor-post-type=\"page\">\n\t\t\t\t\t\t\t<div class=\"elementor-element elementor-element-0fd744a e-flex e-con-boxed e-con e-parent\" data-id=\"0fd744a\" data-element_type=\"container\" data-settings=\"{&quot;content_width&quot;:&quot;boxed&quot;}\" data-core-v316-plus=\"true\">\n\t\t\t\t\t<div class=\"e-con-inner\">\n\t\t<div class=\"elementor-element elementor-element-dc36af8 e-con-full e-flex e-con e-child\" data-id=\"dc36af8\" data-element_type=\"container\" data-settings=\"{&quot;content_width&quot;:&quot;full&quot;}\">\n\t\t\t\t<div class=\"elementor-element elementor-element-777a142 elementor-icon-list--layout-traditional elementor-list-item-link-full_width elementor-widget elementor-widget-icon-list\" data-id=\"777a142\" data-element_type=\"widget\" data-widget_type=\"icon-list.default\">\n\t\t\t\t<div class=\"elementor-widget-container\">\n\t\t\t<link rel=\"stylesheet\" href=\"https:\/\/hexental-apotheke.de\/wp-content\/uploads\/elementor\/css\/custom-widget-icon-list.min.css?ver=1718021184\">\t\t<ul class=\"elementor-icon-list-items\">\n\t\t\t\t\t\t\t<li class=\"elementor-icon-list-item\">\n\t\t\t\t\t\t\t\t\t\t\t<span class=\"elementor-icon-list-icon\">\n\t\t\t\t\t\t\t<svg aria-hidden=\"true\" class=\"e-font-icon-svg e-fas-check\" viewBox=\"0 0 512 512\" xmlns=\"http:\/\/www.w3.org\/2000\/svg\"><path d=\"M173.898 439.404l-166.4-166.4c-9.997-9.997-9.997-26.206 0-36.204l36.203-36.204c9.997-9.998 26.207-9.998 36.204 0L192 312.69 432.095 72.596c9.997-9.997 26.207-9.997 36.204 0l36.203 36.204c9.997 9.997 9.997 26.206 0 36.204l-294.4 294.401c-9.998 9.997-26.207 9.997-36.204-.001z\"><\/path><\/svg>\t\t\t\t\t\t<\/span>\n\t\t\t\t\t\t\t\t\t\t<span class=\"elementor-icon-list-text\">Das richtige Medikament<\/span>\n\t\t\t\t\t\t\t\t\t<\/li>\n\t\t\t\t\t\t<\/ul>\n\t\t\t\t<\/div>\n\t\t\t\t<\/div>\n\t\t\t\t<\/div>\n\t\t<div class=\"elementor-element elementor-element-1efd4f7 e-con-full e-flex e-con e-child\" data-id=\"1efd4f7\" data-element_type=\"container\" data-settings=\"{&quot;content_width&quot;:&quot;full&quot;}\">\n\t\t\t\t<div class=\"elementor-element elementor-element-009a226 elementor-icon-list--layout-traditional elementor-list-item-link-full_width elementor-widget elementor-widget-icon-list\" data-id=\"009a226\" data-element_type=\"widget\" data-widget_type=\"icon-list.default\">\n\t\t\t\t<div class=\"elementor-widget-container\">\n\t\t\t\t\t<ul class=\"elementor-icon-list-items\">\n\t\t\t\t\t\t\t<li class=\"elementor-icon-list-item\">\n\t\t\t\t\t\t\t\t\t\t\t<span class=\"elementor-icon-list-icon\">\n\t\t\t\t\t\t\t<svg aria-hidden=\"true\" class=\"e-font-icon-svg e-fas-check\" viewBox=\"0 0 512 512\" xmlns=\"http:\/\/www.w3.org\/2000\/svg\"><path d=\"M173.898 439.404l-166.4-166.4c-9.997-9.997-9.997-26.206 0-36.204l36.203-36.204c9.997-9.998 26.207-9.998 36.204 0L192 312.69 432.095 72.596c9.997-9.997 26.207-9.997 36.204 0l36.203 36.204c9.997 9.997 9.997 26.206 0 36.204l-294.4 294.401c-9.998 9.997-26.207 9.997-36.204-.001z\"><\/path><\/svg>\t\t\t\t\t\t<\/span>\n\t\t\t\t\t\t\t\t\t\t<span class=\"elementor-icon-list-text\">In der richtigen Dosierung<\/span>\n\t\t\t\t\t\t\t\t\t<\/li>\n\t\t\t\t\t\t<\/ul>\n\t\t\t\t<\/div>\n\t\t\t\t<\/div>\n\t\t\t\t<\/div>\n\t\t<div class=\"elementor-element elementor-element-bc101ae e-con-full e-flex e-con e-child\" data-id=\"bc101ae\" data-element_type=\"container\" data-settings=\"{&quot;content_width&quot;:&quot;full&quot;}\">\n\t\t\t\t<div class=\"elementor-element elementor-element-012f4af elementor-icon-list--layout-traditional elementor-list-item-link-full_width elementor-widget elementor-widget-icon-list\" data-id=\"012f4af\" data-element_type=\"widget\" data-widget_type=\"icon-list.default\">\n\t\t\t\t<div class=\"elementor-widget-container\">\n\t\t\t\t\t<ul class=\"elementor-icon-list-items\">\n\t\t\t\t\t\t\t<li class=\"elementor-icon-list-item\">\n\t\t\t\t\t\t\t\t\t\t\t<span class=\"elementor-icon-list-icon\">\n\t\t\t\t\t\t\t<svg aria-hidden=\"true\" class=\"e-font-icon-svg e-fas-check\" viewBox=\"0 0 512 512\" xmlns=\"http:\/\/www.w3.org\/2000\/svg\"><path d=\"M173.898 439.404l-166.4-166.4c-9.997-9.997-9.997-26.206 0-36.204l36.203-36.204c9.997-9.998 26.207-9.998 36.204 0L192 312.69 432.095 72.596c9.997-9.997 26.207-9.997 36.204 0l36.203 36.204c9.997 9.997 9.997 26.206 0 36.204l-294.4 294.401c-9.998 9.997-26.207 9.997-36.204-.001z\"><\/path><\/svg>\t\t\t\t\t\t<\/span>\n\t\t\t\t\t\t\t\t\t\t<span class=\"elementor-icon-list-text\">Zum richtigen Zeitpunkt<\/span>\n\t\t\t\t\t\t\t\t\t<\/li>\n\t\t\t\t\t\t<\/ul>\n\t\t\t\t<\/div>\n\t\t\t\t<\/div>\n\t\t\t\t<\/div>\n\t\t\t\t\t<\/div>\n\t\t\t\t<\/div>\n\t\t<div class=\"elementor-element elementor-element-f4f80c7 e-flex e-con-boxed e-con e-parent\" data-id=\"f4f80c7\" data-element_type=\"container\" data-settings=\"{&quot;content_width&quot;:&quot;boxed&quot;}\" data-core-v316-plus=\"true\">\n\t\t\t\t\t<div class=\"e-con-inner\">\n\t\t\t\t<div class=\"elementor-element elementor-element-8deb8d9 elementor-widget elementor-widget-text-editor\" data-id=\"8deb8d9\" data-element_type=\"widget\" data-widget_type=\"text-editor.default\">\n\t\t\t\t<div class=\"elementor-widget-container\">\n\t\t\t<style>\/*! elementor - v3.18.0 - 20-12-2023 *\/\n.elementor-widget-text-editor.elementor-drop-cap-view-stacked .elementor-drop-cap{background-color:#69727d;color:#fff}.elementor-widget-text-editor.elementor-drop-cap-view-framed .elementor-drop-cap{color:#69727d;border:3px solid;background-color:transparent}.elementor-widget-text-editor:not(.elementor-drop-cap-view-default) .elementor-drop-cap{margin-top:8px}.elementor-widget-text-editor:not(.elementor-drop-cap-view-default) .elementor-drop-cap-letter{width:1em;height:1em}.elementor-widget-text-editor .elementor-drop-cap{float:left;text-align:center;line-height:1;font-size:50px}.elementor-widget-text-editor .elementor-drop-cap-letter{display:inline-block}<\/style>\t\t\t\t<p>Die pharmazeutische Beratung ist umso besser, je mehr Fortbildungen unsere Mitarbeiter machen. Wir besuchen regelm\u00e4\u00dfig akkreditierte Fortbildungen der Landesapothekerkammer. Nur so bleiben wir wissenschaftlich auf dem neuesten Stand, um Ihnen dieses Wissen weiter zu vermitteln und Ihnen eine optimale Beratung zu allen Gesundheitsfrgen zu bieten.<\/p>\t\t\t\t\t\t<\/div>\n\t\t\t\t<\/div>\n\t\t\t\t<div class=\"elementor-element elementor-element-252ca55 elementor-widget elementor-widget-heading\" data-id=\"252ca55\" data-element_type=\"widget\" data-widget_type=\"heading.default\">\n\t\t\t\t<div class=\"elementor-widget-container\">\n\t\t\t<style>\/*! elementor - v3.18.0 - 20-12-2023 *\/\n.elementor-heading-title{padding:0;margin:0;line-height:1}.elementor-widget-heading .elementor-heading-title[class*=elementor-size-]>a{color:inherit;font-size:inherit;line-height:inherit}.elementor-widget-heading .elementor-heading-title.elementor-size-small{font-size:15px}.elementor-widget-heading .elementor-heading-title.elementor-size-medium{font-size:19px}.elementor-widget-heading .elementor-heading-title.elementor-size-large{font-size:29px}.elementor-widget-heading .elementor-heading-title.elementor-size-xl{font-size:39px}.elementor-widget-heading .elementor-heading-title.elementor-size-xxl{font-size:59px}<\/style><h2 class=\"elementor-heading-title elementor-size-default\">Ehrlichkeit und Transparenz \u2013 wir sind stolz auf die Zufriedenheit unserer Kunden<\/h2>\t\t<\/div>\n\t\t\t\t<\/div>\n\t\t\t\t<div class=\"elementor-element elementor-element-feeafe2 elementor-widget elementor-widget-text-editor\" data-id=\"feeafe2\" data-element_type=\"widget\" data-widget_type=\"text-editor.default\">\n\t\t\t\t<div class=\"elementor-widget-container\">\n\t\t\t\t\t\t\t<p>Am liebsten h\u00f6ren wir Ihr Lob. Die besten Erfahrungen haben wir dabei mit Ehrlichkeit, Offenheit und Transparenz gemacht, nur so k\u00f6nnen wir uns f\u00fcr Sie verbessern. Denn nur wenn wir im Hintergrund alles perfekt organisieren und zum Beispiel notfalls Ihren Arzt zu Ihren Verordnungen noch einmal zu kontaktieren, haben Sie das richtige Medikament in der richtigen Dosierung zum richtigen Zeitpunkt.<\/p>\t\t\t\t\t\t<\/div>\n\t\t\t\t<\/div>\n\t\t\t\t<div class=\"elementor-element elementor-element-990cb2a elementor-widget elementor-widget-heading\" data-id=\"990cb2a\" data-element_type=\"widget\" data-widget_type=\"heading.default\">\n\t\t\t\t<div class=\"elementor-widget-container\">\n\t\t\t<h2 class=\"elementor-heading-title elementor-size-default\">Schnelle L\u00f6sungen f\u00fcr individuelle Probleme \u2013 wir beeilen uns f\u00fcr Sie<\/h2>\t\t<\/div>\n\t\t\t\t<\/div>\n\t\t\t\t<div class=\"elementor-element elementor-element-a588104 elementor-widget elementor-widget-text-editor\" data-id=\"a588104\" data-element_type=\"widget\" data-widget_type=\"text-editor.default\">\n\t\t\t\t<div class=\"elementor-widget-container\">\n\t\t\t\t\t\t\t<p>F\u00fcr uns z\u00e4hlt nicht nur der Inhalt, sondern auch die Geschwindigkeit bei der Antwort auf Ihre Fragen. Insbesondere bei komplexen Fragen m\u00fcssen wir oft beim Arzt oder Krankenhaus nachfragen. Trotzdem lassen wir Sie nicht lange warten. Mit sechs Arzneimittellieferungen pro Tag k\u00f6nnen wir fast jedes Arzneimittel innerhalb von wenigen Stunden \u00fcber den Gro\u00dfhandel f\u00fcr Sie besorgen- wenn es eilt, sogar noch schneller.<\/p><p>Das ist unser Anspruch an uns selber \u2013 sagen Sie uns bitte Bescheid, wenn es mal nicht klappt. Dann werden wir uns bessern: Versprochen!<\/p>\t\t\t\t\t\t<\/div>\n\t\t\t\t<\/div>\n\t\t\t\t<div class=\"elementor-element elementor-element-ffda346 elementor-widget elementor-widget-heading\" data-id=\"ffda346\" data-element_type=\"widget\" data-widget_type=\"heading.default\">\n\t\t\t\t<div class=\"elementor-widget-container\">\n\t\t\t<h2 class=\"elementor-heading-title elementor-size-default\">Wir wollen kontinuierlich besser werden<\/h2>\t\t<\/div>\n\t\t\t\t<\/div>\n\t\t\t\t<div class=\"elementor-element elementor-element-42cee72 elementor-widget elementor-widget-text-editor\" data-id=\"42cee72\" data-element_type=\"widget\" data-widget_type=\"text-editor.default\">\n\t\t\t\t<div class=\"elementor-widget-container\">\n\t\t\t\t\t\t\t<p>Die Grundlage eines Qualit\u00e4tsmanagementsystems (QMS) ist das Streben nach kontinuierlicher Verbesserung. Die komplexen Arbeitsabl\u00e4ufe in einer Apotheke sollen transparent und reproduzierbar werden \u2013 immer mit dem Ziel, die Zufriedenheit unserer Kunden und der Mitarbeiter zu erh\u00f6hen. Deshalb haben wir uns von offizieller Stelle nach DIN EN ISO 9001:2008 zertifizieren lassen. Um Qualit\u00e4t jeden Tag neu zu leben.<\/p>\t\t\t\t\t\t<\/div>\n\t\t\t\t<\/div>\n\t\t\t\t<div class=\"elementor-element elementor-element-b550c94 elementor-widget elementor-widget-image\" data-id=\"b550c94\" data-element_type=\"widget\" data-widget_type=\"image.default\">\n\t\t\t\t<div class=\"elementor-widget-container\">\n\t\t\t<style>\/*! elementor - v3.18.0 - 20-12-2023 *\/\n.elementor-widget-image{text-align:center}.elementor-widget-image a{display:inline-block}.elementor-widget-image a img[src$=\".svg\"]{width:48px}.elementor-widget-image img{vertical-align:middle;display:inline-block}<\/style>\t\t\t\t\t\t\t\t\t\t\t\t<img fetchpriority=\"high\" decoding=\"async\" width=\"640\" height=\"427\" src=\"https:\/\/hexental-apotheke.de\/wp-content\/uploads\/2024\/01\/Philosophie_Bild01-2048x1365-1-1024x683.jpg\" class=\"attachment-large size-large wp-image-807\" alt=\"\" srcset=\"https:\/\/hexental-apotheke.de\/wp-content\/uploads\/2024\/01\/Philosophie_Bild01-2048x1365-1-1024x683.jpg 1024w, https:\/\/hexental-apotheke.de\/wp-content\/uploads\/2024\/01\/Philosophie_Bild01-2048x1365-1-300x200.jpg 300w, https:\/\/hexental-apotheke.de\/wp-content\/uploads\/2024\/01\/Philosophie_Bild01-2048x1365-1-768x512.jpg 768w, https:\/\/hexental-apotheke.de\/wp-content\/uploads\/2024\/01\/Philosophie_Bild01-2048x1365-1-1536x1024.jpg 1536w, https:\/\/hexental-apotheke.de\/wp-content\/uploads\/2024\/01\/Philosophie_Bild01-2048x1365-1.jpg 2048w\" sizes=\"(max-width: 640px) 100vw, 640px\" \/>\t\t\t\t\t\t\t\t\t\t\t\t\t\t\t<\/div>\n\t\t\t\t<\/div>\n\t\t\t\t\t<\/div>\n\t\t\t\t<\/div>\n\t\t\t\t\t\t\t<\/div>\n\t\t","protected":false},"excerpt":{"rendered":"<p>Das richtige Medikament In der richtigen Dosierung Zum richtigen Zeitpunkt Die pharmazeutische Beratung ist umso besser, je mehr Fortbildungen unsere Mitarbeiter machen. Wir besuchen regelm\u00e4\u00dfig akkreditierte Fortbildungen der Landesapothekerkammer. Nur so bleiben wir wissenschaftlich auf dem neuesten Stand, um Ihnen dieses Wissen weiter zu vermitteln und Ihnen eine optimale Beratung zu allen Gesundheitsfrgen zu bieten. [&hellip;]<\/p>\n","protected":false},"author":1,"featured_media":0,"parent":608,"menu_order":0,"comment_status":"closed","ping_status":"closed","template":"","meta":{"footnotes":""},"class_list":["post-612","page","type-page","status-publish","hentry"],"_links":{"self":[{"href":"https:\/\/hexental-apotheke.de\/index.php?rest_route=\/wp\/v2\/pages\/612","targetHints":{"allow":["GET"]}}],"collection":[{"href":"https:\/\/hexental-apotheke.de\/index.php?rest_route=\/wp\/v2\/pages"}],"about":[{"href":"https:\/\/hexental-apotheke.de\/index.php?rest_route=\/wp\/v2\/types\/page"}],"author":[{"embeddable":true,"href":"https:\/\/hexental-apotheke.de\/index.php?rest_route=\/wp\/v2\/users\/1"}],"replies":[{"embeddable":true,"href":"https:\/\/hexental-apotheke.de\/index.php?rest_route=%2Fwp%2Fv2%2Fcomments&post=612"}],"version-history":[{"count":7,"href":"https:\/\/hexental-apotheke.de\/index.php?rest_route=\/wp\/v2\/pages\/612\/revisions"}],"predecessor-version":[{"id":814,"href":"https:\/\/hexental-apotheke.de\/index.php?rest_route=\/wp\/v2\/pages\/612\/revisions\/814"}],"up":[{"embeddable":true,"href":"https:\/\/hexental-apotheke.de\/index.php?rest_route=\/wp\/v2\/pages\/608"}],"wp:attachment":[{"href":"https:\/\/hexental-apotheke.de\/index.php?rest_route=%2Fwp%2Fv2%2Fmedia&parent=612"}],"curies":[{"name":"wp","href":"https:\/\/api.w.org\/{rel}","templated":true}]}}