{"id":624,"date":"2024-01-10T18:36:58","date_gmt":"2024-01-10T17:36:58","guid":{"rendered":"https:\/\/hexental-apo.de\/?page_id=624"},"modified":"2024-01-11T16:15:38","modified_gmt":"2024-01-11T15:15:38","slug":"kosmetik","status":"publish","type":"page","link":"https:\/\/hexental-apotheke.de\/?page_id=624","title":{"rendered":"Kosmetik"},"content":{"rendered":"\t\t<div data-elementor-type=\"wp-page\" data-elementor-id=\"624\" class=\"elementor elementor-624\" data-elementor-post-type=\"page\">\n\t\t\t\t\t\t\t<div class=\"elementor-element elementor-element-431dca9 e-flex e-con-boxed e-con e-parent\" data-id=\"431dca9\" data-element_type=\"container\" data-settings=\"{&quot;content_width&quot;:&quot;boxed&quot;}\" data-core-v316-plus=\"true\">\n\t\t\t\t\t<div class=\"e-con-inner\">\n\t\t<div class=\"elementor-element elementor-element-e5cd764 e-con-full e-flex e-con e-child\" data-id=\"e5cd764\" data-element_type=\"container\" data-settings=\"{&quot;content_width&quot;:&quot;full&quot;}\">\n\t\t\t\t<div class=\"elementor-element elementor-element-c644e8c elementor-widget elementor-widget-image\" data-id=\"c644e8c\" data-element_type=\"widget\" data-widget_type=\"image.default\">\n\t\t\t\t<div class=\"elementor-widget-container\">\n\t\t\t<style>\/*! elementor - v3.18.0 - 20-12-2023 *\/\n.elementor-widget-image{text-align:center}.elementor-widget-image a{display:inline-block}.elementor-widget-image a img[src$=\".svg\"]{width:48px}.elementor-widget-image img{vertical-align:middle;display:inline-block}<\/style>\t\t\t\t\t\t\t\t\t\t\t\t<img decoding=\"async\" width=\"198\" height=\"120\" src=\"https:\/\/hexental-apotheke.de\/wp-content\/uploads\/2024\/01\/drhauschka.jpg\" class=\"attachment-large size-large wp-image-683\" alt=\"\" \/>\t\t\t\t\t\t\t\t\t\t\t\t\t\t\t<\/div>\n\t\t\t\t<\/div>\n\t\t\t\t<\/div>\n\t\t<div class=\"elementor-element elementor-element-1d5f287 e-con-full e-flex e-con e-child\" data-id=\"1d5f287\" data-element_type=\"container\" data-settings=\"{&quot;content_width&quot;:&quot;full&quot;}\">\n\t\t\t\t<div class=\"elementor-element elementor-element-256125f elementor-widget elementor-widget-image\" data-id=\"256125f\" data-element_type=\"widget\" data-widget_type=\"image.default\">\n\t\t\t\t<div class=\"elementor-widget-container\">\n\t\t\t\t\t\t\t\t\t\t\t\t\t\t\t<img decoding=\"async\" width=\"67\" height=\"54\" src=\"https:\/\/hexental-apotheke.de\/wp-content\/uploads\/2024\/01\/cropped-weleda.jpg\" class=\"attachment-large size-large wp-image-684\" alt=\"\" \/>\t\t\t\t\t\t\t\t\t\t\t\t\t\t\t<\/div>\n\t\t\t\t<\/div>\n\t\t\t\t<\/div>\n\t\t<div class=\"elementor-element elementor-element-a8edff2 e-con-full e-flex e-con e-child\" data-id=\"a8edff2\" data-element_type=\"container\" data-settings=\"{&quot;content_width&quot;:&quot;full&quot;}\">\n\t\t\t\t<div class=\"elementor-element elementor-element-7ddf49e elementor-widget elementor-widget-image\" data-id=\"7ddf49e\" data-element_type=\"widget\" data-widget_type=\"image.default\">\n\t\t\t\t<div class=\"elementor-widget-container\">\n\t\t\t\t\t\t\t\t\t\t\t\t\t\t\t<img decoding=\"async\" width=\"151\" height=\"120\" src=\"https:\/\/hexental-apotheke.de\/wp-content\/uploads\/2024\/01\/vichy.jpg\" class=\"attachment-large size-large wp-image-685\" alt=\"\" \/>\t\t\t\t\t\t\t\t\t\t\t\t\t\t\t<\/div>\n\t\t\t\t<\/div>\n\t\t\t\t<\/div>\n\t\t<div class=\"elementor-element elementor-element-38131fd e-con-full e-flex e-con e-child\" data-id=\"38131fd\" data-element_type=\"container\" data-settings=\"{&quot;content_width&quot;:&quot;full&quot;}\">\n\t\t\t\t<div class=\"elementor-element elementor-element-ac3875d elementor-widget elementor-widget-image\" data-id=\"ac3875d\" data-element_type=\"widget\" data-widget_type=\"image.default\">\n\t\t\t\t<div class=\"elementor-widget-container\">\n\t\t\t\t\t\t\t\t\t\t\t\t\t\t\t<img loading=\"lazy\" decoding=\"async\" width=\"120\" height=\"65\" src=\"https:\/\/hexental-apotheke.de\/wp-content\/uploads\/2024\/01\/cropped-eucerin.jpg\" class=\"attachment-large size-large wp-image-686\" alt=\"\" \/>\t\t\t\t\t\t\t\t\t\t\t\t\t\t\t<\/div>\n\t\t\t\t<\/div>\n\t\t\t\t<\/div>\n\t\t<div class=\"elementor-element elementor-element-7a0b61d e-con-full e-flex e-con e-child\" data-id=\"7a0b61d\" data-element_type=\"container\" data-settings=\"{&quot;content_width&quot;:&quot;full&quot;}\">\n\t\t\t\t<div class=\"elementor-element elementor-element-2825d1f elementor-widget elementor-widget-image\" data-id=\"2825d1f\" data-element_type=\"widget\" data-widget_type=\"image.default\">\n\t\t\t\t<div class=\"elementor-widget-container\">\n\t\t\t\t\t\t\t\t\t\t\t\t\t\t\t<img loading=\"lazy\" decoding=\"async\" width=\"120\" height=\"60\" src=\"https:\/\/hexental-apotheke.de\/wp-content\/uploads\/2024\/01\/cropped-larocheposay.jpg\" class=\"attachment-large size-large wp-image-687\" alt=\"\" \/>\t\t\t\t\t\t\t\t\t\t\t\t\t\t\t<\/div>\n\t\t\t\t<\/div>\n\t\t\t\t<\/div>\n\t\t<div class=\"elementor-element elementor-element-f998035 e-con-full e-flex e-con e-child\" data-id=\"f998035\" data-element_type=\"container\" data-settings=\"{&quot;content_width&quot;:&quot;full&quot;}\">\n\t\t\t\t<div class=\"elementor-element elementor-element-f1219c4 elementor-widget elementor-widget-image\" data-id=\"f1219c4\" data-element_type=\"widget\" data-widget_type=\"image.default\">\n\t\t\t\t<div class=\"elementor-widget-container\">\n\t\t\t\t\t\t\t\t\t\t\t\t\t\t\t<img loading=\"lazy\" decoding=\"async\" width=\"288\" height=\"83\" src=\"https:\/\/hexental-apotheke.de\/wp-content\/uploads\/2024\/01\/cropped-cropped-caudalie_logo1.jpg\" class=\"attachment-large size-large wp-image-688\" alt=\"\" \/>\t\t\t\t\t\t\t\t\t\t\t\t\t\t\t<\/div>\n\t\t\t\t<\/div>\n\t\t\t\t<\/div>\n\t\t\t\t\t<\/div>\n\t\t\t\t<\/div>\n\t\t<div class=\"elementor-element elementor-element-eb3c248 e-flex e-con-boxed e-con e-parent\" data-id=\"eb3c248\" data-element_type=\"container\" data-settings=\"{&quot;content_width&quot;:&quot;boxed&quot;}\" data-core-v316-plus=\"true\">\n\t\t\t\t\t<div class=\"e-con-inner\">\n\t\t\t\t<div class=\"elementor-element elementor-element-8b2a893 elementor-widget elementor-widget-heading\" data-id=\"8b2a893\" data-element_type=\"widget\" data-widget_type=\"heading.default\">\n\t\t\t\t<div class=\"elementor-widget-container\">\n\t\t\t<style>\/*! elementor - v3.18.0 - 20-12-2023 *\/\n.elementor-heading-title{padding:0;margin:0;line-height:1}.elementor-widget-heading .elementor-heading-title[class*=elementor-size-]>a{color:inherit;font-size:inherit;line-height:inherit}.elementor-widget-heading .elementor-heading-title.elementor-size-small{font-size:15px}.elementor-widget-heading .elementor-heading-title.elementor-size-medium{font-size:19px}.elementor-widget-heading .elementor-heading-title.elementor-size-large{font-size:29px}.elementor-widget-heading .elementor-heading-title.elementor-size-xl{font-size:39px}.elementor-widget-heading .elementor-heading-title.elementor-size-xxl{font-size:59px}<\/style><h2 class=\"elementor-heading-title elementor-size-default\">Dr. Hauschka<\/h2>\t\t<\/div>\n\t\t\t\t<\/div>\n\t\t\t\t<div class=\"elementor-element elementor-element-4386f0f elementor-widget elementor-widget-text-editor\" data-id=\"4386f0f\" data-element_type=\"widget\" data-widget_type=\"text-editor.default\">\n\t\t\t\t<div class=\"elementor-widget-container\">\n\t\t\t<style>\/*! elementor - v3.18.0 - 20-12-2023 *\/\n.elementor-widget-text-editor.elementor-drop-cap-view-stacked .elementor-drop-cap{background-color:#69727d;color:#fff}.elementor-widget-text-editor.elementor-drop-cap-view-framed .elementor-drop-cap{color:#69727d;border:3px solid;background-color:transparent}.elementor-widget-text-editor:not(.elementor-drop-cap-view-default) .elementor-drop-cap{margin-top:8px}.elementor-widget-text-editor:not(.elementor-drop-cap-view-default) .elementor-drop-cap-letter{width:1em;height:1em}.elementor-widget-text-editor .elementor-drop-cap{float:left;text-align:center;line-height:1;font-size:50px}.elementor-widget-text-editor .elementor-drop-cap-letter{display:inline-block}<\/style>\t\t\t\t<p>Sch\u00f6nheit mit allen Sinnen erleben. Die exklusive Marke, die h\u00f6chsten Anspr\u00fcchen gen\u00fcgt, entwickelt von Dr. Hauschka.<\/p>\t\t\t\t\t\t<\/div>\n\t\t\t\t<\/div>\n\t\t\t\t\t<\/div>\n\t\t\t\t<\/div>\n\t\t<div class=\"elementor-element elementor-element-08c83f5 e-flex e-con-boxed e-con e-parent\" data-id=\"08c83f5\" data-element_type=\"container\" data-settings=\"{&quot;content_width&quot;:&quot;boxed&quot;}\" data-core-v316-plus=\"true\">\n\t\t\t\t\t<div class=\"e-con-inner\">\n\t\t\t\t<div class=\"elementor-element elementor-element-e247e29 elementor-widget elementor-widget-heading\" data-id=\"e247e29\" data-element_type=\"widget\" data-widget_type=\"heading.default\">\n\t\t\t\t<div class=\"elementor-widget-container\">\n\t\t\t<h2 class=\"elementor-heading-title elementor-size-default\">Weleda<\/h2>\t\t<\/div>\n\t\t\t\t<\/div>\n\t\t\t\t<div class=\"elementor-element elementor-element-4f4a5f4 elementor-widget elementor-widget-text-editor\" data-id=\"4f4a5f4\" data-element_type=\"widget\" data-widget_type=\"text-editor.default\">\n\t\t\t\t<div class=\"elementor-widget-container\">\n\t\t\t\t\t\t\t<p>Naturkosmetik mit hohem Anspruch. Besondere Produkte f\u00fcr (werdende) M\u00fctter und zarte Baby- und Kinderhaut mit Calendulaextrakt. Frei von synthetischen Duft- und Konservierungsmitteln.<\/p>\t\t\t\t\t\t<\/div>\n\t\t\t\t<\/div>\n\t\t\t\t\t<\/div>\n\t\t\t\t<\/div>\n\t\t<div class=\"elementor-element elementor-element-40394ac e-flex e-con-boxed e-con e-parent\" data-id=\"40394ac\" data-element_type=\"container\" data-settings=\"{&quot;content_width&quot;:&quot;boxed&quot;}\" data-core-v316-plus=\"true\">\n\t\t\t\t\t<div class=\"e-con-inner\">\n\t\t\t\t<div class=\"elementor-element elementor-element-44d7ded elementor-widget elementor-widget-heading\" data-id=\"44d7ded\" data-element_type=\"widget\" data-widget_type=\"heading.default\">\n\t\t\t\t<div class=\"elementor-widget-container\">\n\t\t\t<h2 class=\"elementor-heading-title elementor-size-default\">Vichy<\/h2>\t\t<\/div>\n\t\t\t\t<\/div>\n\t\t\t\t<div class=\"elementor-element elementor-element-ea9c37d elementor-widget elementor-widget-text-editor\" data-id=\"ea9c37d\" data-element_type=\"widget\" data-widget_type=\"text-editor.default\">\n\t\t\t\t<div class=\"elementor-widget-container\">\n\t\t\t\t\t\t\t<p>Die perfekte Kosmetik aus Frankreich. Vertr\u00e4glichkeit dermatologisch getestet. Die hohe Produktvielfalt garantiert f\u00fcr jeden Hauttyp das richtige Produkt.<\/p>\t\t\t\t\t\t<\/div>\n\t\t\t\t<\/div>\n\t\t\t\t\t<\/div>\n\t\t\t\t<\/div>\n\t\t<div class=\"elementor-element elementor-element-1b10dcf e-flex e-con-boxed e-con e-parent\" data-id=\"1b10dcf\" data-element_type=\"container\" data-settings=\"{&quot;content_width&quot;:&quot;boxed&quot;}\" data-core-v316-plus=\"true\">\n\t\t\t\t\t<div class=\"e-con-inner\">\n\t\t\t\t<div class=\"elementor-element elementor-element-1dcadb1 elementor-widget elementor-widget-heading\" data-id=\"1dcadb1\" data-element_type=\"widget\" data-widget_type=\"heading.default\">\n\t\t\t\t<div class=\"elementor-widget-container\">\n\t\t\t<h2 class=\"elementor-heading-title elementor-size-default\">Roche Posay<\/h2>\t\t<\/div>\n\t\t\t\t<\/div>\n\t\t\t\t<div class=\"elementor-element elementor-element-7f876af elementor-widget elementor-widget-text-editor\" data-id=\"7f876af\" data-element_type=\"widget\" data-widget_type=\"text-editor.default\">\n\t\t\t\t<div class=\"elementor-widget-container\">\n\t\t\t\t\t\t\t<p>Die Serie f\u00fcr besonders empfindliche Haut mit nat\u00fcrlichem Thermalwasser aus der Quelle von La Roche-Posay, von Natur aus reich an Selen, einem hautberuhigenden Antioxidanten.<\/p>\t\t\t\t\t\t<\/div>\n\t\t\t\t<\/div>\n\t\t\t\t\t<\/div>\n\t\t\t\t<\/div>\n\t\t<div class=\"elementor-element elementor-element-703b9c8 e-flex e-con-boxed e-con e-parent\" data-id=\"703b9c8\" data-element_type=\"container\" data-settings=\"{&quot;content_width&quot;:&quot;boxed&quot;}\" data-core-v316-plus=\"true\">\n\t\t\t\t\t<div class=\"e-con-inner\">\n\t\t\t\t<div class=\"elementor-element elementor-element-04d0a67 elementor-widget elementor-widget-heading\" data-id=\"04d0a67\" data-element_type=\"widget\" data-widget_type=\"heading.default\">\n\t\t\t\t<div class=\"elementor-widget-container\">\n\t\t\t<h2 class=\"elementor-heading-title elementor-size-default\">Eucerin<\/h2>\t\t<\/div>\n\t\t\t\t<\/div>\n\t\t\t\t<div class=\"elementor-element elementor-element-ba6f3f9 elementor-widget elementor-widget-text-editor\" data-id=\"ba6f3f9\" data-element_type=\"widget\" data-widget_type=\"text-editor.default\">\n\t\t\t\t<div class=\"elementor-widget-container\">\n\t\t\t\t\t\t\t<p>Die medizinische Hautpflegemarke aus dem Hause Beiersdorf. Die Produkte entsprechen h\u00f6chsten dermatologischen Standards.<\/p>\t\t\t\t\t\t<\/div>\n\t\t\t\t<\/div>\n\t\t\t\t\t<\/div>\n\t\t\t\t<\/div>\n\t\t<div class=\"elementor-element elementor-element-93aa529 e-flex e-con-boxed e-con e-parent\" data-id=\"93aa529\" data-element_type=\"container\" data-settings=\"{&quot;content_width&quot;:&quot;boxed&quot;}\" data-core-v316-plus=\"true\">\n\t\t\t\t\t<div class=\"e-con-inner\">\n\t\t\t\t<div class=\"elementor-element elementor-element-e421fc2 elementor-widget elementor-widget-heading\" data-id=\"e421fc2\" data-element_type=\"widget\" data-widget_type=\"heading.default\">\n\t\t\t\t<div class=\"elementor-widget-container\">\n\t\t\t<h2 class=\"elementor-heading-title elementor-size-default\">Caudalie<\/h2>\t\t<\/div>\n\t\t\t\t<\/div>\n\t\t\t\t<div class=\"elementor-element elementor-element-915a794 elementor-widget elementor-widget-text-editor\" data-id=\"915a794\" data-element_type=\"widget\" data-widget_type=\"text-editor.default\">\n\t\t\t\t<div class=\"elementor-widget-container\">\n\t\t\t\t\t\t\t<p>Aus Liebe zum Duft. Anti\u2013Aging Pflege aus hochwertigem Traubenkern\u00f6l. Unumstritten sind die Polyphenole, die Wirkstoffe aus den Kernen der Weintrauben, gepaart mit einem herrlichen Duft.<\/p>\t\t\t\t\t\t<\/div>\n\t\t\t\t<\/div>\n\t\t\t\t\t<\/div>\n\t\t\t\t<\/div>\n\t\t\t\t\t\t\t<\/div>\n\t\t","protected":false},"excerpt":{"rendered":"<p>Dr. Hauschka Sch\u00f6nheit mit allen Sinnen erleben. Die exklusive Marke, die h\u00f6chsten Anspr\u00fcchen gen\u00fcgt, entwickelt von Dr. Hauschka. Weleda Naturkosmetik mit hohem Anspruch. Besondere Produkte f\u00fcr (werdende) M\u00fctter und zarte Baby- und Kinderhaut mit Calendulaextrakt. Frei von synthetischen Duft- und Konservierungsmitteln. Vichy Die perfekte Kosmetik aus Frankreich. Vertr\u00e4glichkeit dermatologisch getestet. Die hohe Produktvielfalt garantiert f\u00fcr [&hellip;]<\/p>\n","protected":false},"author":1,"featured_media":0,"parent":620,"menu_order":0,"comment_status":"closed","ping_status":"closed","template":"","meta":{"footnotes":""},"class_list":["post-624","page","type-page","status-publish","hentry"],"_links":{"self":[{"href":"https:\/\/hexental-apotheke.de\/index.php?rest_route=\/wp\/v2\/pages\/624","targetHints":{"allow":["GET"]}}],"collection":[{"href":"https:\/\/hexental-apotheke.de\/index.php?rest_route=\/wp\/v2\/pages"}],"about":[{"href":"https:\/\/hexental-apotheke.de\/index.php?rest_route=\/wp\/v2\/types\/page"}],"author":[{"embeddable":true,"href":"https:\/\/hexental-apotheke.de\/index.php?rest_route=\/wp\/v2\/users\/1"}],"replies":[{"embeddable":true,"href":"https:\/\/hexental-apotheke.de\/index.php?rest_route=%2Fwp%2Fv2%2Fcomments&post=624"}],"version-history":[{"count":10,"href":"https:\/\/hexental-apotheke.de\/index.php?rest_route=\/wp\/v2\/pages\/624\/revisions"}],"predecessor-version":[{"id":698,"href":"https:\/\/hexental-apotheke.de\/index.php?rest_route=\/wp\/v2\/pages\/624\/revisions\/698"}],"up":[{"embeddable":true,"href":"https:\/\/hexental-apotheke.de\/index.php?rest_route=\/wp\/v2\/pages\/620"}],"wp:attachment":[{"href":"https:\/\/hexental-apotheke.de\/index.php?rest_route=%2Fwp%2Fv2%2Fmedia&parent=624"}],"curies":[{"name":"wp","href":"https:\/\/api.w.org\/{rel}","templated":true}]}}