{"id":882,"date":"2024-01-17T15:42:24","date_gmt":"2024-01-17T14:42:24","guid":{"rendered":"https:\/\/hexental-apo.de\/?page_id=882"},"modified":"2024-01-17T15:48:21","modified_gmt":"2024-01-17T14:48:21","slug":"news","status":"publish","type":"page","link":"https:\/\/hexental-apotheke.de\/?page_id=882","title":{"rendered":"News"},"content":{"rendered":"\t\t<div data-elementor-type=\"wp-page\" data-elementor-id=\"882\" class=\"elementor elementor-882\" data-elementor-post-type=\"page\">\n\t\t\t\t\t\t\t<div class=\"elementor-element elementor-element-7f96af8 e-flex e-con-boxed e-con e-parent\" data-id=\"7f96af8\" data-element_type=\"container\" data-settings=\"{&quot;content_width&quot;:&quot;boxed&quot;}\" data-core-v316-plus=\"true\">\n\t\t\t\t\t<div class=\"e-con-inner\">\n\t\t\t\t<div class=\"elementor-element elementor-element-c6b9d12 elementor-grid-3 elementor-grid-tablet-2 elementor-grid-mobile-1 elementor-posts--thumbnail-top elementor-widget elementor-widget-posts\" data-id=\"c6b9d12\" data-element_type=\"widget\" data-settings=\"{&quot;classic_row_gap&quot;:{&quot;unit&quot;:&quot;px&quot;,&quot;size&quot;:31,&quot;sizes&quot;:[]},&quot;classic_columns&quot;:&quot;3&quot;,&quot;classic_columns_tablet&quot;:&quot;2&quot;,&quot;classic_columns_mobile&quot;:&quot;1&quot;,&quot;classic_row_gap_widescreen&quot;:{&quot;unit&quot;:&quot;px&quot;,&quot;size&quot;:&quot;&quot;,&quot;sizes&quot;:[]},&quot;classic_row_gap_laptop&quot;:{&quot;unit&quot;:&quot;px&quot;,&quot;size&quot;:&quot;&quot;,&quot;sizes&quot;:[]},&quot;classic_row_gap_tablet&quot;:{&quot;unit&quot;:&quot;px&quot;,&quot;size&quot;:&quot;&quot;,&quot;sizes&quot;:[]},&quot;classic_row_gap_mobile&quot;:{&quot;unit&quot;:&quot;px&quot;,&quot;size&quot;:&quot;&quot;,&quot;sizes&quot;:[]}}\" data-widget_type=\"posts.classic\">\n\t\t\t\t<div class=\"elementor-widget-container\">\n\t\t\t<link rel=\"stylesheet\" href=\"https:\/\/hexental-apotheke.de\/wp-content\/plugins\/elementor-pro\/assets\/css\/widget-posts.min.css\">\t\t<div class=\"elementor-posts-container elementor-posts elementor-posts--skin-classic elementor-grid\">\n\t\t\t\t<article class=\"elementor-post elementor-grid-item post-1167 post type-post status-publish format-standard has-post-thumbnail hentry category-allgemein\">\n\t\t\t\t<a class=\"elementor-post__thumbnail__link\" href=\"https:\/\/hexental-apotheke.de\/?p=1167\" tabindex=\"-1\" >\n\t\t\t<div class=\"elementor-post__thumbnail\"><img fetchpriority=\"high\" decoding=\"async\" width=\"300\" height=\"229\" src=\"https:\/\/hexental-apotheke.de\/wp-content\/uploads\/2024\/07\/Fitness-Gym-e1721945572701-300x229.jpg\" class=\"attachment-medium size-medium wp-image-1168\" alt=\"\" srcset=\"https:\/\/hexental-apotheke.de\/wp-content\/uploads\/2024\/07\/Fitness-Gym-e1721945572701-300x229.jpg 300w, https:\/\/hexental-apotheke.de\/wp-content\/uploads\/2024\/07\/Fitness-Gym-e1721945572701-1024x780.jpg 1024w, https:\/\/hexental-apotheke.de\/wp-content\/uploads\/2024\/07\/Fitness-Gym-e1721945572701-768x585.jpg 768w, https:\/\/hexental-apotheke.de\/wp-content\/uploads\/2024\/07\/Fitness-Gym-e1721945572701.jpg 1058w\" sizes=\"(max-width: 300px) 100vw, 300px\" \/><\/div>\n\t\t<\/a>\n\t\t\t\t<div class=\"elementor-post__text\">\n\t\t\t\t<h3 class=\"elementor-post__title\">\n\t\t\t<a href=\"https:\/\/hexental-apotheke.de\/?p=1167\" >\n\t\t\t\tWir sind neuer Gesundheitspartner des Fitness Gym. Attraktive Rabatte warten auf die Mitglieder .\t\t\t<\/a>\n\t\t<\/h3>\n\t\t\t\t<div class=\"elementor-post__meta-data\">\n\t\t\t\t\t<span class=\"elementor-post-date\">\n\t\t\t26. Juli 2024\t\t<\/span>\n\t\t\t\t<\/div>\n\t\t\t\t<div class=\"elementor-post__excerpt\">\n\t\t\t\t\t<\/div>\n\t\t\n\t\t<a class=\"elementor-post__read-more\" href=\"https:\/\/hexental-apotheke.de\/?p=1167\" aria-label=\"Mehr \u00fcber Wir sind neuer Gesundheitspartner des Fitness Gym. Attraktive Rabatte warten auf die Mitglieder .\" tabindex=\"-1\" >\n\t\t\tWeiterlesen \u00bb\t\t<\/a>\n\n\t\t\t\t<\/div>\n\t\t\t\t<\/article>\n\t\t\t\t<article class=\"elementor-post elementor-grid-item post-1071 post type-post status-publish format-standard has-post-thumbnail hentry category-allgemein\">\n\t\t\t\t<a class=\"elementor-post__thumbnail__link\" href=\"https:\/\/hexental-apotheke.de\/?p=1071\" tabindex=\"-1\" >\n\t\t\t<div class=\"elementor-post__thumbnail\"><img decoding=\"async\" width=\"300\" height=\"250\" src=\"https:\/\/hexental-apotheke.de\/wp-content\/uploads\/2024\/04\/sharepic-1-e1721945882867-300x250.jpg\" class=\"attachment-medium size-medium wp-image-1070\" alt=\"\" srcset=\"https:\/\/hexental-apotheke.de\/wp-content\/uploads\/2024\/04\/sharepic-1-e1721945882867-300x250.jpg 300w, https:\/\/hexental-apotheke.de\/wp-content\/uploads\/2024\/04\/sharepic-1-e1721945882867-768x640.jpg 768w, https:\/\/hexental-apotheke.de\/wp-content\/uploads\/2024\/04\/sharepic-1-e1721945882867.jpg 965w\" sizes=\"(max-width: 300px) 100vw, 300px\" \/><\/div>\n\t\t<\/a>\n\t\t\t\t<div class=\"elementor-post__text\">\n\t\t\t\t<h3 class=\"elementor-post__title\">\n\t\t\t<a href=\"https:\/\/hexental-apotheke.de\/?p=1071\" >\n\t\t\t\tE &#8211; Rezept ready\t\t\t<\/a>\n\t\t<\/h3>\n\t\t\t\t<div class=\"elementor-post__meta-data\">\n\t\t\t\t\t<span class=\"elementor-post-date\">\n\t\t\t15. April 2024\t\t<\/span>\n\t\t\t\t<\/div>\n\t\t\t\t<div class=\"elementor-post__excerpt\">\n\t\t\t<p>Auch im Gesundheitswesen wird es immer digitaler. Der Weg vom rosa Rezept zum E-Rezept mit QR-Code oder Ihrer Gesundheitskarte ist geebnet. Wir sind auch in<\/p>\n\t\t<\/div>\n\t\t\n\t\t<a class=\"elementor-post__read-more\" href=\"https:\/\/hexental-apotheke.de\/?p=1071\" aria-label=\"Mehr \u00fcber E &#8211; Rezept ready\" tabindex=\"-1\" >\n\t\t\tWeiterlesen \u00bb\t\t<\/a>\n\n\t\t\t\t<\/div>\n\t\t\t\t<\/article>\n\t\t\t\t<article class=\"elementor-post elementor-grid-item post-874 post type-post status-publish format-standard has-post-thumbnail hentry category-aktuelles\">\n\t\t\t\t<a class=\"elementor-post__thumbnail__link\" href=\"https:\/\/hexental-apotheke.de\/?p=874\" tabindex=\"-1\" >\n\t\t\t<div class=\"elementor-post__thumbnail\"><img decoding=\"async\" width=\"300\" height=\"300\" src=\"https:\/\/hexental-apotheke.de\/wp-content\/uploads\/2023\/10\/Grippeimpfung-2-300x300.png\" class=\"attachment-medium size-medium wp-image-875\" alt=\"\" srcset=\"https:\/\/hexental-apotheke.de\/wp-content\/uploads\/2023\/10\/Grippeimpfung-2-300x300.png 300w, https:\/\/hexental-apotheke.de\/wp-content\/uploads\/2023\/10\/Grippeimpfung-2-1024x1024.png 1024w, https:\/\/hexental-apotheke.de\/wp-content\/uploads\/2023\/10\/Grippeimpfung-2-150x150.png 150w, https:\/\/hexental-apotheke.de\/wp-content\/uploads\/2023\/10\/Grippeimpfung-2-768x768.png 768w, https:\/\/hexental-apotheke.de\/wp-content\/uploads\/2023\/10\/Grippeimpfung-2.png 1080w\" sizes=\"(max-width: 300px) 100vw, 300px\" \/><\/div>\n\t\t<\/a>\n\t\t\t\t<div class=\"elementor-post__text\">\n\t\t\t\t<h3 class=\"elementor-post__title\">\n\t\t\t<a href=\"https:\/\/hexental-apotheke.de\/?p=874\" >\n\t\t\t\tSind Sie gegen Grippe gesch\u00fctzt?\t\t\t<\/a>\n\t\t<\/h3>\n\t\t\t\t<div class=\"elementor-post__meta-data\">\n\t\t\t\t\t<span class=\"elementor-post-date\">\n\t\t\t4. Oktober 2023\t\t<\/span>\n\t\t\t\t<\/div>\n\t\t\t\t<div class=\"elementor-post__excerpt\">\n\t\t\t\t\t<\/div>\n\t\t\n\t\t<a class=\"elementor-post__read-more\" href=\"https:\/\/hexental-apotheke.de\/?p=874\" aria-label=\"Mehr \u00fcber Sind Sie gegen Grippe gesch\u00fctzt?\" tabindex=\"-1\" >\n\t\t\tWeiterlesen \u00bb\t\t<\/a>\n\n\t\t\t\t<\/div>\n\t\t\t\t<\/article>\n\t\t\t\t<article class=\"elementor-post elementor-grid-item post-871 post type-post status-publish format-standard has-post-thumbnail hentry category-gesundheitsnews\">\n\t\t\t\t<a class=\"elementor-post__thumbnail__link\" href=\"https:\/\/hexental-apotheke.de\/?p=871\" tabindex=\"-1\" >\n\t\t\t<div class=\"elementor-post__thumbnail\"><img loading=\"lazy\" decoding=\"async\" width=\"300\" height=\"161\" src=\"https:\/\/hexental-apotheke.de\/wp-content\/uploads\/2021\/11\/Gesundheitsnews_Schwangerschaftsdiabetes-300x161.jpg\" class=\"attachment-medium size-medium wp-image-872\" alt=\"\" srcset=\"https:\/\/hexental-apotheke.de\/wp-content\/uploads\/2021\/11\/Gesundheitsnews_Schwangerschaftsdiabetes-300x161.jpg 300w, https:\/\/hexental-apotheke.de\/wp-content\/uploads\/2021\/11\/Gesundheitsnews_Schwangerschaftsdiabetes.jpg 320w\" sizes=\"(max-width: 300px) 100vw, 300px\" \/><\/div>\n\t\t<\/a>\n\t\t\t\t<div class=\"elementor-post__text\">\n\t\t\t\t<h3 class=\"elementor-post__title\">\n\t\t\t<a href=\"https:\/\/hexental-apotheke.de\/?p=871\" >\n\t\t\t\tImmer mehr Diabetes in der Schwangerschaft\t\t\t<\/a>\n\t\t<\/h3>\n\t\t\t\t<div class=\"elementor-post__meta-data\">\n\t\t\t\t\t<span class=\"elementor-post-date\">\n\t\t\t3. November 2021\t\t<\/span>\n\t\t\t\t<\/div>\n\t\t\t\t<div class=\"elementor-post__excerpt\">\n\t\t\t<p>2018: Mehr als 50 000 Frauen in Deutschland mit Schwangerschaftsdiabetes Mehr als 50 000 Frauen hatten 2018 in Deutschland Schwangerschaftsdiabetes: Das entspricht 6,8 Prozent aller<\/p>\n\t\t<\/div>\n\t\t\n\t\t<a class=\"elementor-post__read-more\" href=\"https:\/\/hexental-apotheke.de\/?p=871\" aria-label=\"Mehr \u00fcber Immer mehr Diabetes in der Schwangerschaft\" tabindex=\"-1\" >\n\t\t\tWeiterlesen \u00bb\t\t<\/a>\n\n\t\t\t\t<\/div>\n\t\t\t\t<\/article>\n\t\t\t\t<article class=\"elementor-post elementor-grid-item post-869 post type-post status-publish format-standard has-post-thumbnail hentry category-gesundheitsnews\">\n\t\t\t\t<a class=\"elementor-post__thumbnail__link\" href=\"https:\/\/hexental-apotheke.de\/?p=869\" tabindex=\"-1\" >\n\t\t\t<div class=\"elementor-post__thumbnail\"><img loading=\"lazy\" decoding=\"async\" width=\"300\" height=\"161\" src=\"https:\/\/hexental-apotheke.de\/wp-content\/uploads\/2021\/11\/Gesundheitsnews_IndividuelleArznei-300x161.jpg\" class=\"attachment-medium size-medium wp-image-870\" alt=\"\" srcset=\"https:\/\/hexental-apotheke.de\/wp-content\/uploads\/2021\/11\/Gesundheitsnews_IndividuelleArznei-300x161.jpg 300w, https:\/\/hexental-apotheke.de\/wp-content\/uploads\/2021\/11\/Gesundheitsnews_IndividuelleArznei.jpg 320w\" sizes=\"(max-width: 300px) 100vw, 300px\" \/><\/div>\n\t\t<\/a>\n\t\t\t\t<div class=\"elementor-post__text\">\n\t\t\t\t<h3 class=\"elementor-post__title\">\n\t\t\t<a href=\"https:\/\/hexental-apotheke.de\/?p=869\" >\n\t\t\t\tAuf individuelle Rezepturen ist Verlass\t\t\t<\/a>\n\t\t<\/h3>\n\t\t\t\t<div class=\"elementor-post__meta-data\">\n\t\t\t\t\t<span class=\"elementor-post-date\">\n\t\t\t27. Oktober 2021\t\t<\/span>\n\t\t\t\t<\/div>\n\t\t\t\t<div class=\"elementor-post__excerpt\">\n\t\t\t<p>Das hat keine Versandapotheke im Angebot: individuelle Herstellung einer Arznei. Das hat keine Versandapotheke im Angebot: die individuelle Herstellung einer Arznei f\u00fcr nur eine Kundin<\/p>\n\t\t<\/div>\n\t\t\n\t\t<a class=\"elementor-post__read-more\" href=\"https:\/\/hexental-apotheke.de\/?p=869\" aria-label=\"Mehr \u00fcber Auf individuelle Rezepturen ist Verlass\" tabindex=\"-1\" >\n\t\t\tWeiterlesen \u00bb\t\t<\/a>\n\n\t\t\t\t<\/div>\n\t\t\t\t<\/article>\n\t\t\t\t<article class=\"elementor-post elementor-grid-item post-867 post type-post status-publish format-standard has-post-thumbnail hentry category-gesundheitsnews\">\n\t\t\t\t<a class=\"elementor-post__thumbnail__link\" href=\"https:\/\/hexental-apotheke.de\/?p=867\" tabindex=\"-1\" >\n\t\t\t<div class=\"elementor-post__thumbnail\"><img loading=\"lazy\" decoding=\"async\" width=\"300\" height=\"161\" src=\"https:\/\/hexental-apotheke.de\/wp-content\/uploads\/2021\/11\/Gesundheitsnews_KrebsCola-300x161.jpg\" class=\"attachment-medium size-medium wp-image-868\" alt=\"\" srcset=\"https:\/\/hexental-apotheke.de\/wp-content\/uploads\/2021\/11\/Gesundheitsnews_KrebsCola-300x161.jpg 300w, https:\/\/hexental-apotheke.de\/wp-content\/uploads\/2021\/11\/Gesundheitsnews_KrebsCola.jpg 320w\" sizes=\"(max-width: 300px) 100vw, 300px\" \/><\/div>\n\t\t<\/a>\n\t\t\t\t<div class=\"elementor-post__text\">\n\t\t\t\t<h3 class=\"elementor-post__title\">\n\t\t\t<a href=\"https:\/\/hexental-apotheke.de\/?p=867\" >\n\t\t\t\tKrebsgefahr in s\u00fc\u00dfen Drinks\t\t\t<\/a>\n\t\t<\/h3>\n\t\t\t\t<div class=\"elementor-post__meta-data\">\n\t\t\t\t\t<span class=\"elementor-post-date\">\n\t\t\t11. Oktober 2021\t\t<\/span>\n\t\t\t\t<\/div>\n\t\t\t\t<div class=\"elementor-post__excerpt\">\n\t\t\t<p>Vorsicht bei Cola, Limo, Energydrinks Vorsicht bei Cola, Limo, Energydrinks: Erwachsene Frauen, die zwei oder mehr gezuckerte Getr\u00e4nke t\u00e4glich zu sich nehmen, haben ein doppelt<\/p>\n\t\t<\/div>\n\t\t\n\t\t<a class=\"elementor-post__read-more\" href=\"https:\/\/hexental-apotheke.de\/?p=867\" aria-label=\"Mehr \u00fcber Krebsgefahr in s\u00fc\u00dfen Drinks\" tabindex=\"-1\" >\n\t\t\tWeiterlesen \u00bb\t\t<\/a>\n\n\t\t\t\t<\/div>\n\t\t\t\t<\/article>\n\t\t\t\t<\/div>\n\t\t\n\t\t\t\t<\/div>\n\t\t\t\t<\/div>\n\t\t\t\t\t<\/div>\n\t\t\t\t<\/div>\n\t\t\t\t\t\t\t<\/div>\n\t\t","protected":false},"excerpt":{"rendered":"","protected":false},"author":1,"featured_media":0,"parent":0,"menu_order":0,"comment_status":"closed","ping_status":"closed","template":"","meta":{"footnotes":""},"class_list":["post-882","page","type-page","status-publish","hentry"],"_links":{"self":[{"href":"https:\/\/hexental-apotheke.de\/index.php?rest_route=\/wp\/v2\/pages\/882","targetHints":{"allow":["GET"]}}],"collection":[{"href":"https:\/\/hexental-apotheke.de\/index.php?rest_route=\/wp\/v2\/pages"}],"about":[{"href":"https:\/\/hexental-apotheke.de\/index.php?rest_route=\/wp\/v2\/types\/page"}],"author":[{"embeddable":true,"href":"https:\/\/hexental-apotheke.de\/index.php?rest_route=\/wp\/v2\/users\/1"}],"replies":[{"embeddable":true,"href":"https:\/\/hexental-apotheke.de\/index.php?rest_route=%2Fwp%2Fv2%2Fcomments&post=882"}],"version-history":[{"count":13,"href":"https:\/\/hexental-apotheke.de\/index.php?rest_route=\/wp\/v2\/pages\/882\/revisions"}],"predecessor-version":[{"id":897,"href":"https:\/\/hexental-apotheke.de\/index.php?rest_route=\/wp\/v2\/pages\/882\/revisions\/897"}],"wp:attachment":[{"href":"https:\/\/hexental-apotheke.de\/index.php?rest_route=%2Fwp%2Fv2%2Fmedia&parent=882"}],"curies":[{"name":"wp","href":"https:\/\/api.w.org\/{rel}","templated":true}]}}